{"id":60,"date":"2025-06-24T16:01:08","date_gmt":"2025-06-24T16:01:08","guid":{"rendered":"https:\/\/oasis.udd.cl\/?page_id=60"},"modified":"2025-07-14T21:17:03","modified_gmt":"2025-07-14T21:17:03","slug":"el-proyecto","status":"publish","type":"page","link":"https:\/\/oasis.udd.cl\/index.php\/el-proyecto\/","title":{"rendered":"El Proyecto"},"content":{"rendered":"\t\t<div data-elementor-type=\"wp-page\" data-elementor-id=\"60\" class=\"elementor elementor-60\" data-elementor-post-type=\"page\">\n\t\t\t\t<div class=\"elementor-element elementor-element-10af51e e-flex e-con-boxed e-con e-parent\" data-id=\"10af51e\" data-element_type=\"container\">\n\t\t\t\t\t<div class=\"e-con-inner\">\n\t\t\t\t<div class=\"elementor-element elementor-element-1070de3 elementor-widget elementor-widget-image\" data-id=\"1070de3\" data-element_type=\"widget\" data-widget_type=\"image.default\">\n\t\t\t\t<div class=\"elementor-widget-container\">\n\t\t\t\t\t\t\t\t\t\t\t\t\t\t\t<img fetchpriority=\"high\" decoding=\"async\" width=\"1600\" height=\"900\" src=\"https:\/\/oasis.udd.cl\/wp-content\/uploads\/2025\/06\/proyecto.jpeg\" class=\"attachment-full size-full wp-image-250\" alt=\"\" srcset=\"https:\/\/oasis.udd.cl\/wp-content\/uploads\/2025\/06\/proyecto.jpeg 1600w, https:\/\/oasis.udd.cl\/wp-content\/uploads\/2025\/06\/proyecto-300x169.jpeg 300w, https:\/\/oasis.udd.cl\/wp-content\/uploads\/2025\/06\/proyecto-1024x576.jpeg 1024w, https:\/\/oasis.udd.cl\/wp-content\/uploads\/2025\/06\/proyecto-768x432.jpeg 768w, https:\/\/oasis.udd.cl\/wp-content\/uploads\/2025\/06\/proyecto-1536x864.jpeg 1536w\" sizes=\"(max-width: 1600px) 100vw, 1600px\" \/>\t\t\t\t\t\t\t\t\t\t\t\t\t\t\t<\/div>\n\t\t\t\t<\/div>\n\t\t\t\t\t<\/div>\n\t\t\t\t<\/div>\n\t\t<div class=\"elementor-element elementor-element-366eb42 e-flex e-con-boxed e-con e-parent\" data-id=\"366eb42\" data-element_type=\"container\">\n\t\t\t\t\t<div class=\"e-con-inner\">\n\t\t\t\t<div class=\"elementor-element elementor-element-0d32994 elementor-widget elementor-widget-heading\" data-id=\"0d32994\" data-element_type=\"widget\" data-widget_type=\"heading.default\">\n\t\t\t\t<div class=\"elementor-widget-container\">\n\t\t\t\t\t<h4 class=\"elementor-heading-title elementor-size-default\">El Proyecto<\/h4>\t\t\t\t<\/div>\n\t\t\t\t<\/div>\n\t\t\t\t\t<\/div>\n\t\t\t\t<\/div>\n\t\t<div class=\"elementor-element elementor-element-e01050e e-flex e-con-boxed e-con e-parent\" data-id=\"e01050e\" data-element_type=\"container\">\n\t\t\t\t\t<div class=\"e-con-inner\">\n\t\t\t\t<div class=\"elementor-element elementor-element-e1ca1ce elementor-widget elementor-widget-text-editor\" data-id=\"e1ca1ce\" data-element_type=\"widget\" data-widget_type=\"text-editor.default\">\n\t\t\t\t<div class=\"elementor-widget-container\">\n\t\t\t\t\t\t\t\t\t<p data-start=\"255\" data-end=\"778\">OASIS (Observatorio de Salares Andinos a trav\u00e9s de Estudios Interdisciplinarios) es un proyecto cient\u00edfico que busca comprender el funcionamiento de los salares y lagunas altoandinas del norte de Chile, ecosistemas \u00fanicos ubicados en cuencas entre los 3.700 y 4.300 m s.n.m., donde confluyen condiciones extremas de altitud, aridez y actividad volc\u00e1nica. El \u00e1rea de estudio se sit\u00faa en la regi\u00f3n de Atacama, e incluye cuerpos de agua como Laguna Verde, Laguna del Negro Francisco, Laguna Santa Rosa y el Salar de Maricunga.<\/p><p data-start=\"780\" data-end=\"1272\">El proyecto aborda el estudio de estos sistemas desde m\u00faltiples disciplinas: geolog\u00eda, geof\u00edsica, microbiolog\u00eda, biolog\u00eda, sensores remotos y ciencias sociales. A trav\u00e9s de observaciones de terreno, an\u00e1lisis de laboratorio y modelamiento de datos, se busca entender los ciclos geoqu\u00edmicos y biogeoqu\u00edmicos que dan origen a la concentraci\u00f3n de litio y otros metales alcalinos, as\u00ed como caracterizar las condiciones ambientales que sustentan la biodiversidad y geodiversidad de estos ambientes.<\/p><p data-start=\"1274\" data-end=\"1655\">OASIS se ejecuta entre 2024 y 2027 con financiamiento de ANID (proyecto ATE240015), y re\u00fane a investigadores de diversas instituciones nacionales e internacionales. El trabajo colaborativo entre disciplinas y territorios permitir\u00e1 generar conocimiento actualizado y relevante, clave para avanzar en el estudio, monitoreo y valoraci\u00f3n de estos sistemas \u00fanicos del altiplano chileno.<\/p>\t\t\t\t\t\t\t\t<\/div>\n\t\t\t\t<\/div>\n\t\t\t\t\t<\/div>\n\t\t\t\t<\/div>\n\t\t\t\t<\/div>\n\t\t","protected":false},"excerpt":{"rendered":"<p>El Proyecto OASIS (Observatorio de Salares Andinos a trav\u00e9s de Estudios Interdisciplinarios) es un proyecto cient\u00edfico que busca comprender el funcionamiento de los salares y lagunas altoandinas del norte de Chile, ecosistemas \u00fanicos ubicados en cuencas entre los 3.700 y 4.300 m s.n.m., donde confluyen condiciones extremas de altitud, aridez y actividad volc\u00e1nica. El \u00e1rea [&hellip;]<\/p>\n","protected":false},"author":1,"featured_media":0,"parent":0,"menu_order":0,"comment_status":"closed","ping_status":"closed","template":"","meta":{"footnotes":""},"class_list":["post-60","page","type-page","status-publish","hentry"],"_links":{"self":[{"href":"https:\/\/oasis.udd.cl\/index.php\/wp-json\/wp\/v2\/pages\/60","targetHints":{"allow":["GET"]}}],"collection":[{"href":"https:\/\/oasis.udd.cl\/index.php\/wp-json\/wp\/v2\/pages"}],"about":[{"href":"https:\/\/oasis.udd.cl\/index.php\/wp-json\/wp\/v2\/types\/page"}],"author":[{"embeddable":true,"href":"https:\/\/oasis.udd.cl\/index.php\/wp-json\/wp\/v2\/users\/1"}],"replies":[{"embeddable":true,"href":"https:\/\/oasis.udd.cl\/index.php\/wp-json\/wp\/v2\/comments?post=60"}],"version-history":[{"count":28,"href":"https:\/\/oasis.udd.cl\/index.php\/wp-json\/wp\/v2\/pages\/60\/revisions"}],"predecessor-version":[{"id":772,"href":"https:\/\/oasis.udd.cl\/index.php\/wp-json\/wp\/v2\/pages\/60\/revisions\/772"}],"wp:attachment":[{"href":"https:\/\/oasis.udd.cl\/index.php\/wp-json\/wp\/v2\/media?parent=60"}],"curies":[{"name":"wp","href":"https:\/\/api.w.org\/{rel}","templated":true}]}}