{"id":619,"date":"2025-07-14T15:20:34","date_gmt":"2025-07-14T15:20:34","guid":{"rendered":"https:\/\/oasis.udd.cl\/?page_id=619"},"modified":"2025-07-14T15:45:04","modified_gmt":"2025-07-14T15:45:04","slug":"geologia","status":"publish","type":"page","link":"https:\/\/oasis.udd.cl\/index.php\/geologia\/","title":{"rendered":"geologia"},"content":{"rendered":"\t\t<div data-elementor-type=\"wp-page\" data-elementor-id=\"619\" class=\"elementor elementor-619\" data-elementor-post-type=\"page\">\n\t\t\t\t<div class=\"elementor-element elementor-element-0933daa e-flex e-con-boxed e-con e-parent\" data-id=\"0933daa\" data-element_type=\"container\">\n\t\t\t\t\t<div class=\"e-con-inner\">\n\t\t\t\t<div class=\"elementor-element elementor-element-788d357 elementor-widget elementor-widget-heading\" data-id=\"788d357\" data-element_type=\"widget\" data-widget_type=\"heading.default\">\n\t\t\t\t<div class=\"elementor-widget-container\">\n\t\t\t\t\t<h2 class=\"elementor-heading-title elementor-size-default\">GEOCIENCIAS<\/h2>\t\t\t\t<\/div>\n\t\t\t\t<\/div>\n\t\t\t\t<div class=\"elementor-element elementor-element-5f73938 elementor-widget elementor-widget-text-editor\" data-id=\"5f73938\" data-element_type=\"widget\" data-widget_type=\"text-editor.default\">\n\t\t\t\t<div class=\"elementor-widget-container\">\n\t\t\t\t\t\t\t\t\t<p><span style=\"font-weight: 400;\">El estudio geocient\u00edfico en OASIS se enfoca en comprender las complejas interacciones entre la tect\u00f3nica de placas, la generaci\u00f3n de magmas y la evoluci\u00f3n de los paisajes volc\u00e1nicos de la regi\u00f3n cordillerana altoandina. Adem\u00e1s, desde esta l\u00ednea se llevar\u00e1n a cabo investigaciones geof\u00edsicas detalladas en salares, canales y r\u00edos, con el objetivo de descubrir patrones y caracter\u00edsticas del subsuelo que puedan arrojar luz sobre los procesos geol\u00f3gicos presentes en estos entornos extremos. <\/span><\/p><p><span style=\"font-weight: 400;\">El proyecto tambi\u00e9n se centrar\u00e1 en realizar an\u00e1lisis geoqu\u00edmicos e isot\u00f3picos exhaustivos sobre rocas, minerales, aguas y salmueras en estos salares altoandinos. <\/span><\/p><p><span style=\"font-weight: 400;\">Finalmente, se estudiar\u00e1 en detalle la mineralog\u00eda y la textura de los travertinos presentes en los salares. <\/span><\/p>\t\t\t\t\t\t\t\t<\/div>\n\t\t\t\t<\/div>\n\t\t\t\t\t<\/div>\n\t\t\t\t<\/div>\n\t\t<div class=\"elementor-element elementor-element-51ff4c6 e-flex e-con-boxed e-con e-parent\" data-id=\"51ff4c6\" data-element_type=\"container\">\n\t\t\t\t\t<div class=\"e-con-inner\">\n\t\t\t\t<div class=\"elementor-element elementor-element-f5f7fc9 elementor-widget elementor-widget-gallery\" data-id=\"f5f7fc9\" data-element_type=\"widget\" data-settings=\"{&quot;lazyload&quot;:&quot;yes&quot;,&quot;gallery_layout&quot;:&quot;grid&quot;,&quot;columns&quot;:4,&quot;columns_tablet&quot;:2,&quot;columns_mobile&quot;:1,&quot;gap&quot;:{&quot;unit&quot;:&quot;px&quot;,&quot;size&quot;:10,&quot;sizes&quot;:[]},&quot;gap_tablet&quot;:{&quot;unit&quot;:&quot;px&quot;,&quot;size&quot;:10,&quot;sizes&quot;:[]},&quot;gap_mobile&quot;:{&quot;unit&quot;:&quot;px&quot;,&quot;size&quot;:10,&quot;sizes&quot;:[]},&quot;link_to&quot;:&quot;file&quot;,&quot;aspect_ratio&quot;:&quot;3:2&quot;,&quot;overlay_background&quot;:&quot;yes&quot;,&quot;content_hover_animation&quot;:&quot;fade-in&quot;}\" data-widget_type=\"gallery.default\">\n\t\t\t\t<div class=\"elementor-widget-container\">\n\t\t\t\t\t\t\t<div class=\"elementor-gallery__container\">\n\t\t\t\t\t\t\t<a class=\"e-gallery-item elementor-gallery-item elementor-animated-content\" href=\"https:\/\/oasis.udd.cl\/wp-content\/uploads\/2025\/06\/geologia-2.png\" data-elementor-open-lightbox=\"yes\" data-elementor-lightbox-slideshow=\"f5f7fc9\" data-elementor-lightbox-title=\"geologia\" data-e-action-hash=\"#elementor-action%3Aaction%3Dlightbox%26settings%3DeyJpZCI6MTQxLCJ1cmwiOiJodHRwczpcL1wvb2FzaXMudWRkLmNsXC93cC1jb250ZW50XC91cGxvYWRzXC8yMDI1XC8wNlwvZ2VvbG9naWEtMi5wbmciLCJzbGlkZXNob3ciOiJmNWY3ZmM5In0%3D\">\n\t\t\t\t\t<div class=\"e-gallery-image elementor-gallery-item__image\" data-thumbnail=\"https:\/\/oasis.udd.cl\/wp-content\/uploads\/2025\/06\/geologia-2-300x270.png\" data-width=\"300\" data-height=\"270\" aria-label=\"\" role=\"img\" ><\/div>\n\t\t\t\t\t\t\t\t\t\t\t<div class=\"elementor-gallery-item__overlay\"><\/div>\n\t\t\t\t\t\t\t\t\t\t\t\t\t\t<\/a>\n\t\t\t\t\t\t\t<a class=\"e-gallery-item elementor-gallery-item elementor-animated-content\" href=\"https:\/\/oasis.udd.cl\/wp-content\/uploads\/2025\/06\/IMG_2834.jpg\" data-elementor-open-lightbox=\"yes\" data-elementor-lightbox-slideshow=\"f5f7fc9\" data-elementor-lightbox-title=\"IMG_2834\" data-e-action-hash=\"#elementor-action%3Aaction%3Dlightbox%26settings%3DeyJpZCI6MjE1LCJ1cmwiOiJodHRwczpcL1wvb2FzaXMudWRkLmNsXC93cC1jb250ZW50XC91cGxvYWRzXC8yMDI1XC8wNlwvSU1HXzI4MzQuanBnIiwic2xpZGVzaG93IjoiZjVmN2ZjOSJ9\">\n\t\t\t\t\t<div class=\"e-gallery-image elementor-gallery-item__image\" data-thumbnail=\"https:\/\/oasis.udd.cl\/wp-content\/uploads\/2025\/06\/IMG_2834-300x159.jpg\" data-width=\"300\" data-height=\"159\" aria-label=\"\" role=\"img\" ><\/div>\n\t\t\t\t\t\t\t\t\t\t\t<div class=\"elementor-gallery-item__overlay\"><\/div>\n\t\t\t\t\t\t\t\t\t\t\t\t\t\t<\/a>\n\t\t\t\t\t\t\t<a class=\"e-gallery-item elementor-gallery-item elementor-animated-content\" href=\"https:\/\/oasis.udd.cl\/wp-content\/uploads\/2025\/06\/geo2.png\" data-elementor-open-lightbox=\"yes\" data-elementor-lightbox-slideshow=\"f5f7fc9\" data-elementor-lightbox-title=\"geo2\" data-e-action-hash=\"#elementor-action%3Aaction%3Dlightbox%26settings%3DeyJpZCI6Mjc3LCJ1cmwiOiJodHRwczpcL1wvb2FzaXMudWRkLmNsXC93cC1jb250ZW50XC91cGxvYWRzXC8yMDI1XC8wNlwvZ2VvMi5wbmciLCJzbGlkZXNob3ciOiJmNWY3ZmM5In0%3D\">\n\t\t\t\t\t<div class=\"e-gallery-image elementor-gallery-item__image\" data-thumbnail=\"https:\/\/oasis.udd.cl\/wp-content\/uploads\/2025\/06\/geo2-300x188.png\" data-width=\"300\" data-height=\"188\" aria-label=\"\" role=\"img\" ><\/div>\n\t\t\t\t\t\t\t\t\t\t\t<div class=\"elementor-gallery-item__overlay\"><\/div>\n\t\t\t\t\t\t\t\t\t\t\t\t\t\t<\/a>\n\t\t\t\t\t\t\t<a class=\"e-gallery-item elementor-gallery-item elementor-animated-content\" href=\"https:\/\/oasis.udd.cl\/wp-content\/uploads\/2025\/07\/WhatsApp-Image-2025-07-09-at-12.59.37-3.jpeg\" data-elementor-open-lightbox=\"yes\" data-elementor-lightbox-slideshow=\"f5f7fc9\" data-elementor-lightbox-title=\"WhatsApp Image 2025-07-09 at 12.59.37 (3)\" data-e-action-hash=\"#elementor-action%3Aaction%3Dlightbox%26settings%3DeyJpZCI6NjI0LCJ1cmwiOiJodHRwczpcL1wvb2FzaXMudWRkLmNsXC93cC1jb250ZW50XC91cGxvYWRzXC8yMDI1XC8wN1wvV2hhdHNBcHAtSW1hZ2UtMjAyNS0wNy0wOS1hdC0xMi41OS4zNy0zLmpwZWciLCJzbGlkZXNob3ciOiJmNWY3ZmM5In0%3D\">\n\t\t\t\t\t<div class=\"e-gallery-image elementor-gallery-item__image\" data-thumbnail=\"https:\/\/oasis.udd.cl\/wp-content\/uploads\/2025\/07\/WhatsApp-Image-2025-07-09-at-12.59.37-3-225x300.jpeg\" data-width=\"225\" data-height=\"300\" aria-label=\"\" role=\"img\" ><\/div>\n\t\t\t\t\t\t\t\t\t\t\t<div class=\"elementor-gallery-item__overlay\"><\/div>\n\t\t\t\t\t\t\t\t\t\t\t\t\t\t<\/a>\n\t\t\t\t\t\t\t<a class=\"e-gallery-item elementor-gallery-item elementor-animated-content\" href=\"https:\/\/oasis.udd.cl\/wp-content\/uploads\/2025\/07\/WhatsApp-Image-2025-07-09-at-12.59.37-2.jpeg\" data-elementor-open-lightbox=\"yes\" data-elementor-lightbox-slideshow=\"f5f7fc9\" data-elementor-lightbox-title=\"WhatsApp Image 2025-07-09 at 12.59.37 (2)\" data-e-action-hash=\"#elementor-action%3Aaction%3Dlightbox%26settings%3DeyJpZCI6NjI1LCJ1cmwiOiJodHRwczpcL1wvb2FzaXMudWRkLmNsXC93cC1jb250ZW50XC91cGxvYWRzXC8yMDI1XC8wN1wvV2hhdHNBcHAtSW1hZ2UtMjAyNS0wNy0wOS1hdC0xMi41OS4zNy0yLmpwZWciLCJzbGlkZXNob3ciOiJmNWY3ZmM5In0%3D\">\n\t\t\t\t\t<div class=\"e-gallery-image elementor-gallery-item__image\" data-thumbnail=\"https:\/\/oasis.udd.cl\/wp-content\/uploads\/2025\/07\/WhatsApp-Image-2025-07-09-at-12.59.37-2-225x300.jpeg\" data-width=\"225\" data-height=\"300\" aria-label=\"\" role=\"img\" ><\/div>\n\t\t\t\t\t\t\t\t\t\t\t<div class=\"elementor-gallery-item__overlay\"><\/div>\n\t\t\t\t\t\t\t\t\t\t\t\t\t\t<\/a>\n\t\t\t\t\t\t\t<a class=\"e-gallery-item elementor-gallery-item elementor-animated-content\" href=\"https:\/\/oasis.udd.cl\/wp-content\/uploads\/2025\/07\/WhatsApp-Image-2025-07-08-at-11.47.12-1.jpeg\" data-elementor-open-lightbox=\"yes\" data-elementor-lightbox-slideshow=\"f5f7fc9\" data-elementor-lightbox-title=\"WhatsApp Image 2025-07-08 at 11.47.12 (1)\" data-e-action-hash=\"#elementor-action%3Aaction%3Dlightbox%26settings%3DeyJpZCI6NjI2LCJ1cmwiOiJodHRwczpcL1wvb2FzaXMudWRkLmNsXC93cC1jb250ZW50XC91cGxvYWRzXC8yMDI1XC8wN1wvV2hhdHNBcHAtSW1hZ2UtMjAyNS0wNy0wOC1hdC0xMS40Ny4xMi0xLmpwZWciLCJzbGlkZXNob3ciOiJmNWY3ZmM5In0%3D\">\n\t\t\t\t\t<div class=\"e-gallery-image elementor-gallery-item__image\" data-thumbnail=\"https:\/\/oasis.udd.cl\/wp-content\/uploads\/2025\/07\/WhatsApp-Image-2025-07-08-at-11.47.12-1-300x225.jpeg\" data-width=\"300\" data-height=\"225\" aria-label=\"\" role=\"img\" ><\/div>\n\t\t\t\t\t\t\t\t\t\t\t<div class=\"elementor-gallery-item__overlay\"><\/div>\n\t\t\t\t\t\t\t\t\t\t\t\t\t\t<\/a>\n\t\t\t\t\t<\/div>\n\t\t\t\t\t<\/div>\n\t\t\t\t<\/div>\n\t\t\t\t\t<\/div>\n\t\t\t\t<\/div>\n\t\t\t\t<\/div>\n\t\t","protected":false},"excerpt":{"rendered":"<p>GEOCIENCIAS El estudio geocient\u00edfico en OASIS se enfoca en comprender las complejas interacciones entre la tect\u00f3nica de placas, la generaci\u00f3n de magmas y la evoluci\u00f3n de los paisajes volc\u00e1nicos de la regi\u00f3n cordillerana altoandina. Adem\u00e1s, desde esta l\u00ednea se llevar\u00e1n a cabo investigaciones geof\u00edsicas detalladas en salares, canales y r\u00edos, con el objetivo de descubrir [&hellip;]<\/p>\n","protected":false},"author":1,"featured_media":0,"parent":0,"menu_order":0,"comment_status":"closed","ping_status":"closed","template":"","meta":{"footnotes":""},"class_list":["post-619","page","type-page","status-publish","hentry"],"_links":{"self":[{"href":"https:\/\/oasis.udd.cl\/index.php\/wp-json\/wp\/v2\/pages\/619","targetHints":{"allow":["GET"]}}],"collection":[{"href":"https:\/\/oasis.udd.cl\/index.php\/wp-json\/wp\/v2\/pages"}],"about":[{"href":"https:\/\/oasis.udd.cl\/index.php\/wp-json\/wp\/v2\/types\/page"}],"author":[{"embeddable":true,"href":"https:\/\/oasis.udd.cl\/index.php\/wp-json\/wp\/v2\/users\/1"}],"replies":[{"embeddable":true,"href":"https:\/\/oasis.udd.cl\/index.php\/wp-json\/wp\/v2\/comments?post=619"}],"version-history":[{"count":19,"href":"https:\/\/oasis.udd.cl\/index.php\/wp-json\/wp\/v2\/pages\/619\/revisions"}],"predecessor-version":[{"id":658,"href":"https:\/\/oasis.udd.cl\/index.php\/wp-json\/wp\/v2\/pages\/619\/revisions\/658"}],"wp:attachment":[{"href":"https:\/\/oasis.udd.cl\/index.php\/wp-json\/wp\/v2\/media?parent=619"}],"curies":[{"name":"wp","href":"https:\/\/api.w.org\/{rel}","templated":true}]}}