{"id":662,"date":"2025-07-14T15:47:46","date_gmt":"2025-07-14T15:47:46","guid":{"rendered":"https:\/\/oasis.udd.cl\/?page_id=662"},"modified":"2025-07-14T15:50:55","modified_gmt":"2025-07-14T15:50:55","slug":"ecologia","status":"publish","type":"page","link":"https:\/\/oasis.udd.cl\/index.php\/ecologia\/","title":{"rendered":"ecologia"},"content":{"rendered":"\t\t<div data-elementor-type=\"wp-page\" data-elementor-id=\"662\" class=\"elementor elementor-662\" data-elementor-post-type=\"page\">\n\t\t\t\t<div class=\"elementor-element elementor-element-411732e e-flex e-con-boxed e-con e-parent\" data-id=\"411732e\" data-element_type=\"container\">\n\t\t\t\t\t<div class=\"e-con-inner\">\n\t\t\t\t<div class=\"elementor-element elementor-element-dd4a3b3 elementor-widget elementor-widget-heading\" data-id=\"dd4a3b3\" data-element_type=\"widget\" data-widget_type=\"heading.default\">\n\t\t\t\t<div class=\"elementor-widget-container\">\n\t\t\t\t\t<h2 class=\"elementor-heading-title elementor-size-default\">ECOLOG\u00cdA Y SOCIO-ECOLOG\u00cdA<\/h2>\t\t\t\t<\/div>\n\t\t\t\t<\/div>\n\t\t\t\t<div class=\"elementor-element elementor-element-b9820a7 elementor-widget elementor-widget-text-editor\" data-id=\"b9820a7\" data-element_type=\"widget\" data-widget_type=\"text-editor.default\">\n\t\t\t\t<div class=\"elementor-widget-container\">\n\t\t\t\t\t\t\t\t\t<p><span style=\"font-weight: 400;\">El estudio se sit\u00faa en la cuenca del Salar de Maricunga, ecol\u00f3gicamente sensible ante el crecimiento de proyectos mineros, que incrementar\u00e1n el consumo de recursos h\u00eddricos. Hacer seguimiento temprano y efectivo de los impactos que estas actividades tendr\u00e1n en la cuenca, es fundamental para no replicar situaciones de da\u00f1o ambiental irreparables. <\/span><\/p><p><span style=\"font-weight: 400;\">En este contexto, un primer objetivo clave es caracterizar la biodiversidad de la flora y fauna locales en el salar de Maricunga y sus alrededores, especialmente en los humedales formadores de turberas que juegan un papel esencial en el ciclo hidrol\u00f3gico de la cuenca. Adem\u00e1s, se estudiar\u00e1 el corredor biol\u00f3gico que conecta este ecosistema con la Laguna Negro Francisco, identificando especies clave y comprendiendo las interacciones entre ellas. Este conocimiento es fundamental para establecer pr\u00e1cticas de conservaci\u00f3n que respeten y protejan la biodiversidad local.\u00a0<\/span><\/p><p><span style=\"font-weight: 400;\">Se identificar\u00e1n especies indicadoras de flora y fauna para rastrear los efectos en cascada, y comprender las interacciones socioecol\u00f3gicas, permitiendo una toma de decisiones informadas para la conservaci\u00f3n y las pr\u00e1cticas de manejo sostenible de la tierra.<\/span><\/p>\t\t\t\t\t\t\t\t<\/div>\n\t\t\t\t<\/div>\n\t\t\t\t\t<\/div>\n\t\t\t\t<\/div>\n\t\t<div class=\"elementor-element elementor-element-6e64bce e-flex e-con-boxed e-con e-parent\" data-id=\"6e64bce\" data-element_type=\"container\">\n\t\t\t\t\t<div class=\"e-con-inner\">\n\t\t\t\t<div class=\"elementor-element elementor-element-008489d elementor-widget elementor-widget-gallery\" data-id=\"008489d\" data-element_type=\"widget\" data-settings=\"{&quot;lazyload&quot;:&quot;yes&quot;,&quot;gallery_layout&quot;:&quot;grid&quot;,&quot;columns&quot;:4,&quot;columns_tablet&quot;:2,&quot;columns_mobile&quot;:1,&quot;gap&quot;:{&quot;unit&quot;:&quot;px&quot;,&quot;size&quot;:10,&quot;sizes&quot;:[]},&quot;gap_tablet&quot;:{&quot;unit&quot;:&quot;px&quot;,&quot;size&quot;:10,&quot;sizes&quot;:[]},&quot;gap_mobile&quot;:{&quot;unit&quot;:&quot;px&quot;,&quot;size&quot;:10,&quot;sizes&quot;:[]},&quot;link_to&quot;:&quot;file&quot;,&quot;aspect_ratio&quot;:&quot;3:2&quot;,&quot;overlay_background&quot;:&quot;yes&quot;,&quot;content_hover_animation&quot;:&quot;fade-in&quot;}\" data-widget_type=\"gallery.default\">\n\t\t\t\t<div class=\"elementor-widget-container\">\n\t\t\t\t\t\t\t<div class=\"elementor-gallery__container\">\n\t\t\t\t\t\t\t<a class=\"e-gallery-item elementor-gallery-item elementor-animated-content\" href=\"https:\/\/oasis.udd.cl\/wp-content\/uploads\/2025\/06\/flor.png\" data-elementor-open-lightbox=\"yes\" data-elementor-lightbox-slideshow=\"008489d\" data-elementor-lightbox-title=\"flor\" data-e-action-hash=\"#elementor-action%3Aaction%3Dlightbox%26settings%3DeyJpZCI6MjY4LCJ1cmwiOiJodHRwczpcL1wvb2FzaXMudWRkLmNsXC93cC1jb250ZW50XC91cGxvYWRzXC8yMDI1XC8wNlwvZmxvci5wbmciLCJzbGlkZXNob3ciOiIwMDg0ODlkIn0%3D\">\n\t\t\t\t\t<div class=\"e-gallery-image elementor-gallery-item__image\" data-thumbnail=\"https:\/\/oasis.udd.cl\/wp-content\/uploads\/2025\/06\/flor-300x201.png\" data-width=\"300\" data-height=\"201\" aria-label=\"\" role=\"img\" ><\/div>\n\t\t\t\t\t\t\t\t\t\t\t<div class=\"elementor-gallery-item__overlay\"><\/div>\n\t\t\t\t\t\t\t\t\t\t\t\t\t\t<\/a>\n\t\t\t\t\t\t\t<a class=\"e-gallery-item elementor-gallery-item elementor-animated-content\" href=\"https:\/\/oasis.udd.cl\/wp-content\/uploads\/2025\/06\/IMG_0997-copy-1.png\" data-elementor-open-lightbox=\"yes\" data-elementor-lightbox-slideshow=\"008489d\" data-elementor-lightbox-title=\"IMG_0997 copy\" data-e-action-hash=\"#elementor-action%3Aaction%3Dlightbox%26settings%3DeyJpZCI6MTMzLCJ1cmwiOiJodHRwczpcL1wvb2FzaXMudWRkLmNsXC93cC1jb250ZW50XC91cGxvYWRzXC8yMDI1XC8wNlwvSU1HXzA5OTctY29weS0xLnBuZyIsInNsaWRlc2hvdyI6IjAwODQ4OWQifQ%3D%3D\">\n\t\t\t\t\t<div class=\"e-gallery-image elementor-gallery-item__image\" data-thumbnail=\"https:\/\/oasis.udd.cl\/wp-content\/uploads\/2025\/06\/IMG_0997-copy-1-298x300.png\" data-width=\"298\" data-height=\"300\" aria-label=\"\" role=\"img\" ><\/div>\n\t\t\t\t\t\t\t\t\t\t\t<div class=\"elementor-gallery-item__overlay\"><\/div>\n\t\t\t\t\t\t\t\t\t\t\t\t\t\t<\/a>\n\t\t\t\t\t<\/div>\n\t\t\t\t\t<\/div>\n\t\t\t\t<\/div>\n\t\t\t\t\t<\/div>\n\t\t\t\t<\/div>\n\t\t\t\t<\/div>\n\t\t","protected":false},"excerpt":{"rendered":"<p>ECOLOG\u00cdA Y SOCIO-ECOLOG\u00cdA El estudio se sit\u00faa en la cuenca del Salar de Maricunga, ecol\u00f3gicamente sensible ante el crecimiento de proyectos mineros, que incrementar\u00e1n el consumo de recursos h\u00eddricos. Hacer seguimiento temprano y efectivo de los impactos que estas actividades tendr\u00e1n en la cuenca, es fundamental para no replicar situaciones de da\u00f1o ambiental irreparables. En [&hellip;]<\/p>\n","protected":false},"author":1,"featured_media":0,"parent":0,"menu_order":0,"comment_status":"closed","ping_status":"closed","template":"","meta":{"footnotes":""},"class_list":["post-662","page","type-page","status-publish","hentry"],"_links":{"self":[{"href":"https:\/\/oasis.udd.cl\/index.php\/wp-json\/wp\/v2\/pages\/662","targetHints":{"allow":["GET"]}}],"collection":[{"href":"https:\/\/oasis.udd.cl\/index.php\/wp-json\/wp\/v2\/pages"}],"about":[{"href":"https:\/\/oasis.udd.cl\/index.php\/wp-json\/wp\/v2\/types\/page"}],"author":[{"embeddable":true,"href":"https:\/\/oasis.udd.cl\/index.php\/wp-json\/wp\/v2\/users\/1"}],"replies":[{"embeddable":true,"href":"https:\/\/oasis.udd.cl\/index.php\/wp-json\/wp\/v2\/comments?post=662"}],"version-history":[{"count":7,"href":"https:\/\/oasis.udd.cl\/index.php\/wp-json\/wp\/v2\/pages\/662\/revisions"}],"predecessor-version":[{"id":669,"href":"https:\/\/oasis.udd.cl\/index.php\/wp-json\/wp\/v2\/pages\/662\/revisions\/669"}],"wp:attachment":[{"href":"https:\/\/oasis.udd.cl\/index.php\/wp-json\/wp\/v2\/media?parent=662"}],"curies":[{"name":"wp","href":"https:\/\/api.w.org\/{rel}","templated":true}]}}