{"id":670,"date":"2025-07-14T15:53:54","date_gmt":"2025-07-14T15:53:54","guid":{"rendered":"https:\/\/oasis.udd.cl\/?page_id=670"},"modified":"2025-07-14T15:57:24","modified_gmt":"2025-07-14T15:57:24","slug":"cienciadatos","status":"publish","type":"page","link":"https:\/\/oasis.udd.cl\/index.php\/cienciadatos\/","title":{"rendered":"cienciadatos"},"content":{"rendered":"\t\t<div data-elementor-type=\"wp-page\" data-elementor-id=\"670\" class=\"elementor elementor-670\" data-elementor-post-type=\"page\">\n\t\t\t\t<div class=\"elementor-element elementor-element-693c35a e-flex e-con-boxed e-con e-parent\" data-id=\"693c35a\" data-element_type=\"container\">\n\t\t\t\t\t<div class=\"e-con-inner\">\n\t\t\t\t<div class=\"elementor-element elementor-element-04801de elementor-widget elementor-widget-heading\" data-id=\"04801de\" data-element_type=\"widget\" data-widget_type=\"heading.default\">\n\t\t\t\t<div class=\"elementor-widget-container\">\n\t\t\t\t\t<h2 class=\"elementor-heading-title elementor-size-default\">CIENCIA DE DATOS AMBIENTALES<\/h2>\t\t\t\t<\/div>\n\t\t\t\t<\/div>\n\t\t\t\t<div class=\"elementor-element elementor-element-7b5d0e8 elementor-widget elementor-widget-text-editor\" data-id=\"7b5d0e8\" data-element_type=\"widget\" data-widget_type=\"text-editor.default\">\n\t\t\t\t<div class=\"elementor-widget-container\">\n\t\t\t\t\t\t\t\t\t<p><span style=\"font-weight: 400;\">Esta l\u00ednea de investigaci\u00f3n se enfoca en aprovechar herramientas avanzadas de an\u00e1lisis y modelizaci\u00f3n para entender mejor los patrones clim\u00e1ticos y ambientales de los salares altoandinos. <\/span><span style=\"font-weight: 400;\">Este enfoque permite no s\u00f3lo analizar los datos actuales, sino tambi\u00e9n predecir futuros cambios y su impacto en los ecosistemas y la extracci\u00f3n de recursos. <\/span><\/p><p><span style=\"font-weight: 400;\">Se aplicar\u00e1n m\u00e9todos estad\u00edsticos a partir de datos recogidos de las estaciones de monitoreo existentes en el \u00e1rea de estudio. Otro objetivo fundamental es el uso de modelos de aprendizaje autom\u00e1tico para explorar las correlaciones entre los datos de las estaciones de monitoreo y los datos hist\u00f3ricos provenientes de sat\u00e9lites. Una parte clave del proceso es la validaci\u00f3n de estos modelos predictivos. <\/span><\/p><p><span style=\"font-weight: 400;\">Al comprender las variables clim\u00e1ticas y sus impactos, se podr\u00e1n ofrecer recomendaciones informadas sobre pr\u00e1cticas de extracci\u00f3n sostenibles y la preservaci\u00f3n de estos ecosistemas clave.<\/span><\/p>\t\t\t\t\t\t\t\t<\/div>\n\t\t\t\t<\/div>\n\t\t\t\t\t<\/div>\n\t\t\t\t<\/div>\n\t\t<div class=\"elementor-element elementor-element-6917b31 e-flex e-con-boxed e-con e-parent\" data-id=\"6917b31\" data-element_type=\"container\">\n\t\t\t\t\t<div class=\"e-con-inner\">\n\t\t\t\t<div class=\"elementor-element elementor-element-79eca54 elementor-widget elementor-widget-gallery\" data-id=\"79eca54\" data-element_type=\"widget\" data-settings=\"{&quot;lazyload&quot;:&quot;yes&quot;,&quot;gallery_layout&quot;:&quot;grid&quot;,&quot;columns&quot;:4,&quot;columns_tablet&quot;:2,&quot;columns_mobile&quot;:1,&quot;gap&quot;:{&quot;unit&quot;:&quot;px&quot;,&quot;size&quot;:10,&quot;sizes&quot;:[]},&quot;gap_tablet&quot;:{&quot;unit&quot;:&quot;px&quot;,&quot;size&quot;:10,&quot;sizes&quot;:[]},&quot;gap_mobile&quot;:{&quot;unit&quot;:&quot;px&quot;,&quot;size&quot;:10,&quot;sizes&quot;:[]},&quot;link_to&quot;:&quot;file&quot;,&quot;aspect_ratio&quot;:&quot;3:2&quot;,&quot;overlay_background&quot;:&quot;yes&quot;,&quot;content_hover_animation&quot;:&quot;fade-in&quot;}\" data-widget_type=\"gallery.default\">\n\t\t\t\t<div class=\"elementor-widget-container\">\n\t\t\t\t\t\t\t<div class=\"elementor-gallery__container\">\n\t\t\t\t\t\t\t<a class=\"e-gallery-item elementor-gallery-item elementor-animated-content\" href=\"https:\/\/oasis.udd.cl\/wp-content\/uploads\/2025\/07\/cienciaDatos-1.jpeg\" data-elementor-open-lightbox=\"yes\" data-elementor-lightbox-slideshow=\"79eca54\" data-elementor-lightbox-title=\"cienciaDatos\" data-e-action-hash=\"#elementor-action%3Aaction%3Dlightbox%26settings%3DeyJpZCI6NTAxLCJ1cmwiOiJodHRwczpcL1wvb2FzaXMudWRkLmNsXC93cC1jb250ZW50XC91cGxvYWRzXC8yMDI1XC8wN1wvY2llbmNpYURhdG9zLTEuanBlZyIsInNsaWRlc2hvdyI6Ijc5ZWNhNTQifQ%3D%3D\">\n\t\t\t\t\t<div class=\"e-gallery-image elementor-gallery-item__image\" data-thumbnail=\"https:\/\/oasis.udd.cl\/wp-content\/uploads\/2025\/07\/cienciaDatos-1-300x300.jpeg\" data-width=\"300\" data-height=\"300\" aria-label=\"\" role=\"img\" ><\/div>\n\t\t\t\t\t\t\t\t\t\t\t<div class=\"elementor-gallery-item__overlay\"><\/div>\n\t\t\t\t\t\t\t\t\t\t\t\t\t\t<\/a>\n\t\t\t\t\t\t\t<a class=\"e-gallery-item elementor-gallery-item elementor-animated-content\" href=\"https:\/\/oasis.udd.cl\/wp-content\/uploads\/2025\/07\/dataScience-1.png\" data-elementor-open-lightbox=\"yes\" data-elementor-lightbox-slideshow=\"79eca54\" data-elementor-lightbox-title=\"dataScience\" data-e-action-hash=\"#elementor-action%3Aaction%3Dlightbox%26settings%3DeyJpZCI6NjAzLCJ1cmwiOiJodHRwczpcL1wvb2FzaXMudWRkLmNsXC93cC1jb250ZW50XC91cGxvYWRzXC8yMDI1XC8wN1wvZGF0YVNjaWVuY2UtMS5wbmciLCJzbGlkZXNob3ciOiI3OWVjYTU0In0%3D\">\n\t\t\t\t\t<div class=\"e-gallery-image elementor-gallery-item__image\" data-thumbnail=\"https:\/\/oasis.udd.cl\/wp-content\/uploads\/2025\/07\/dataScience-1-300x203.png\" data-width=\"300\" data-height=\"203\" aria-label=\"\" role=\"img\" ><\/div>\n\t\t\t\t\t\t\t\t\t\t\t<div class=\"elementor-gallery-item__overlay\"><\/div>\n\t\t\t\t\t\t\t\t\t\t\t\t\t\t<\/a>\n\t\t\t\t\t<\/div>\n\t\t\t\t\t<\/div>\n\t\t\t\t<\/div>\n\t\t\t\t\t<\/div>\n\t\t\t\t<\/div>\n\t\t\t\t<\/div>\n\t\t","protected":false},"excerpt":{"rendered":"<p>CIENCIA DE DATOS AMBIENTALES Esta l\u00ednea de investigaci\u00f3n se enfoca en aprovechar herramientas avanzadas de an\u00e1lisis y modelizaci\u00f3n para entender mejor los patrones clim\u00e1ticos y ambientales de los salares altoandinos. Este enfoque permite no s\u00f3lo analizar los datos actuales, sino tambi\u00e9n predecir futuros cambios y su impacto en los ecosistemas y la extracci\u00f3n de recursos. [&hellip;]<\/p>\n","protected":false},"author":1,"featured_media":0,"parent":0,"menu_order":0,"comment_status":"closed","ping_status":"closed","template":"","meta":{"footnotes":""},"class_list":["post-670","page","type-page","status-publish","hentry"],"_links":{"self":[{"href":"https:\/\/oasis.udd.cl\/index.php\/wp-json\/wp\/v2\/pages\/670","targetHints":{"allow":["GET"]}}],"collection":[{"href":"https:\/\/oasis.udd.cl\/index.php\/wp-json\/wp\/v2\/pages"}],"about":[{"href":"https:\/\/oasis.udd.cl\/index.php\/wp-json\/wp\/v2\/types\/page"}],"author":[{"embeddable":true,"href":"https:\/\/oasis.udd.cl\/index.php\/wp-json\/wp\/v2\/users\/1"}],"replies":[{"embeddable":true,"href":"https:\/\/oasis.udd.cl\/index.php\/wp-json\/wp\/v2\/comments?post=670"}],"version-history":[{"count":7,"href":"https:\/\/oasis.udd.cl\/index.php\/wp-json\/wp\/v2\/pages\/670\/revisions"}],"predecessor-version":[{"id":677,"href":"https:\/\/oasis.udd.cl\/index.php\/wp-json\/wp\/v2\/pages\/670\/revisions\/677"}],"wp:attachment":[{"href":"https:\/\/oasis.udd.cl\/index.php\/wp-json\/wp\/v2\/media?parent=670"}],"curies":[{"name":"wp","href":"https:\/\/api.w.org\/{rel}","templated":true}]}}